{"id":1848,"date":"2019-09-11T15:33:32","date_gmt":"2019-09-11T13:33:32","guid":{"rendered":"http:\/\/plastex.co.mz\/?page_id=1848"},"modified":"2019-09-16T00:04:32","modified_gmt":"2019-09-15T22:04:32","slug":"water-treatment-solutions","status":"publish","type":"page","link":"https:\/\/plastex.co.mz\/pt\/water-treatment-solutions\/","title":{"rendered":"Solu\u00e7\u00f5es para Tratamento de \u00c1gua"},"content":{"rendered":"","protected":false},"excerpt":{"rendered":"","protected":false},"author":1,"featured_media":0,"parent":0,"menu_order":0,"comment_status":"closed","ping_status":"closed","template":"","meta":[],"_links":{"self":[{"href":"https:\/\/plastex.co.mz\/pt\/wp-json\/wp\/v2\/pages\/1848"}],"collection":[{"href":"https:\/\/plastex.co.mz\/pt\/wp-json\/wp\/v2\/pages"}],"about":[{"href":"https:\/\/plastex.co.mz\/pt\/wp-json\/wp\/v2\/types\/page"}],"author":[{"embeddable":true,"href":"https:\/\/plastex.co.mz\/pt\/wp-json\/wp\/v2\/users\/1"}],"replies":[{"embeddable":true,"href":"https:\/\/plastex.co.mz\/pt\/wp-json\/wp\/v2\/comments?post=1848"}],"version-history":[{"count":7,"href":"https:\/\/plastex.co.mz\/pt\/wp-json\/wp\/v2\/pages\/1848\/revisions"}],"predecessor-version":[{"id":2155,"href":"https:\/\/plastex.co.mz\/pt\/wp-json\/wp\/v2\/pages\/1848\/revisions\/2155"}],"wp:attachment":[{"href":"https:\/\/plastex.co.mz\/pt\/wp-json\/wp\/v2\/media?parent=1848"}],"curies":[{"name":"wp","href":"https:\/\/api.w.org\/{rel}","templated":true}]}}