{"id":1038,"date":"2019-08-28T13:54:12","date_gmt":"2019-08-28T13:54:12","guid":{"rendered":"https:\/\/coi-studios.com\/Plastex\/?post_type=product&#038;p=1038"},"modified":"2019-09-11T18:10:03","modified_gmt":"2019-09-11T16:10:03","slug":"brass-bid-tap","status":"publish","type":"product","link":"https:\/\/plastex.co.mz\/pt\/produto\/brass-bid-tap\/","title":{"rendered":"Torneira em Lat\u00e3o"},"content":{"rendered":"As torneiras para tanques de \u00e1gua podem ser instaladas em todos os  tipos de tanques","protected":false},"excerpt":{"rendered":"<p style=\"font-size: 12px;\"><strong>Material:<br \/><\/strong>Fabrico em Lat\u00e3o<strong><br \/>Caracter\u00edsticas:<br \/><\/strong>Constru\u00e7\u00e3o de padr\u00e3o pesado para trabalhos mais exigentes<br \/>Rosca BSP na entrada e na uni\u00e3o<br \/>Uni\u00e3o remov\u00edvel em lat\u00e3o<strong><br \/>Aplica\u00e7\u00f5es Adequadas:<br \/><\/strong>Jardim, Sa\u00eddas de Tanques, Agricultura<strong><br \/>Press\u00e3o:<\/strong><br \/>At\u00e9 12 BAR<strong><br \/>Temperatura:<\/strong><br \/>0\u00b0C \u2013 120\u00b0C<\/p>\n<p>[md_button button_style=&#8221;fill-rectangle&#8221; button_size=&#8221;standard&#8221; left_right_padding=&#8221;0&#8243; button_align=&#8221;left&#8221; button_text=&#8221;ENQUIRE ABOUT PRODUCT&#8221; button_icon_class=&#8221;icon-empty&#8221; button_color=&#8221;rgb(255, 205, 5)&#8221; button_text_color=&#8221;#FFF&#8221; button_bg_hover_color=&#8221;#9b9b9b&#8221; button_hover_color=&#8221;#FFF&#8221; button_url=&#8221;mailto:info@plastex.co.mz&#8221; button_target=&#8221;_self&#8221; md_button_animation=&#8221;no&#8221;][\/md_button]<\/p>\n<p><\/p>","protected":false},"featured_media":1039,"template":"","meta":[],"_links":{"self":[{"href":"https:\/\/plastex.co.mz\/pt\/wp-json\/wp\/v2\/product\/1038"}],"collection":[{"href":"https:\/\/plastex.co.mz\/pt\/wp-json\/wp\/v2\/product"}],"about":[{"href":"https:\/\/plastex.co.mz\/pt\/wp-json\/wp\/v2\/types\/product"}],"wp:featuredmedia":[{"embeddable":true,"href":"https:\/\/plastex.co.mz\/pt\/wp-json\/wp\/v2\/media\/1039"}],"wp:attachment":[{"href":"https:\/\/plastex.co.mz\/pt\/wp-json\/wp\/v2\/media?parent=1038"}],"curies":[{"name":"wp","href":"https:\/\/api.w.org\/{rel}","templated":true}]}}