{"id":1040,"date":"2019-08-28T14:04:13","date_gmt":"2019-08-28T14:04:13","guid":{"rendered":"https:\/\/coi-studios.com\/Plastex\/?post_type=product&#038;p=1040"},"modified":"2019-09-12T21:06:56","modified_gmt":"2019-09-12T19:06:56","slug":"threaded-one-piece-ball-valve","status":"publish","type":"product","link":"https:\/\/plastex.co.mz\/pt\/produto\/threaded-one-piece-ball-valve\/","title":{"rendered":"V\u00e1lvula de Esfera de Pe\u00e7a \u00danica com Rosca"},"content":{"rendered":"As torneiras para tanques de \u00e1gua podem ser instaladas em todos os  tipos de tanques","protected":false},"excerpt":{"rendered":"<p style=\"font-size: 12px;\"><strong>Material:<br \/><\/strong>PVC, ABS<strong><br \/>Caracter\u00edsticas:<br \/><\/strong>Estabilizada  contra raios UV<br \/>Constru\u00e7\u00e3o robusta<br \/>Teste de press\u00e3o feito individualmente<strong><br \/>Aplica\u00e7\u00f5es Adequadas:<br \/><\/strong>\u00c1gua, Petr\u00f3leo, G\u00e1s<strong><br \/>Press\u00e3o:<\/strong><br \/>At\u00e9 10BAR<br \/><strong>Temperatura:<\/strong><br \/>M\u00e1ximo 50\u00b0C<\/p>\n<p>[md_button button_style=&#8221;fill-rectangle&#8221; button_size=&#8221;standard&#8221; left_right_padding=&#8221;0&#8243; button_align=&#8221;left&#8221; button_text=&#8221;ENQUIRE ABOUT PRODUCT&#8221; button_icon_class=&#8221;icon-empty&#8221; button_color=&#8221;rgb(255, 205, 5)&#8221; button_text_color=&#8221;#FFF&#8221; button_bg_hover_color=&#8221;#9b9b9b&#8221; button_hover_color=&#8221;#FFF&#8221; button_url=&#8221;mailto:info@plastex.co.mz&#8221; button_target=&#8221;_self&#8221; md_button_animation=&#8221;no&#8221;][\/md_button]<\/p>\n<p>&nbsp;<\/p>","protected":false},"featured_media":1641,"template":"","meta":[],"_links":{"self":[{"href":"https:\/\/plastex.co.mz\/pt\/wp-json\/wp\/v2\/product\/1040"}],"collection":[{"href":"https:\/\/plastex.co.mz\/pt\/wp-json\/wp\/v2\/product"}],"about":[{"href":"https:\/\/plastex.co.mz\/pt\/wp-json\/wp\/v2\/types\/product"}],"wp:featuredmedia":[{"embeddable":true,"href":"https:\/\/plastex.co.mz\/pt\/wp-json\/wp\/v2\/media\/1641"}],"wp:attachment":[{"href":"https:\/\/plastex.co.mz\/pt\/wp-json\/wp\/v2\/media?parent=1040"}],"curies":[{"name":"wp","href":"https:\/\/api.w.org\/{rel}","templated":true}]}}