{"id":1046,"date":"2019-08-28T16:08:02","date_gmt":"2019-08-28T16:08:02","guid":{"rendered":"https:\/\/coi-studios.com\/Plastex\/?post_type=product&#038;p=1046"},"modified":"2019-09-10T17:45:20","modified_gmt":"2019-09-10T15:45:20","slug":"diesel-range","status":"publish","type":"product","link":"https:\/\/plastex.co.mz\/pt\/produto\/diesel-range\/","title":{"rendered":"Gama para Armazenamento de Diesel"},"content":{"rendered":"<table width=\"370\" cellspacing=\"0\" cellpadding=\"4\"><colgroup><col width=\"103\" \/> <col width=\"250\" \/> <\/colgroup><thead><tr><td width=\"103\"><p><strong>BSP<\/strong><\/p><\/td><td width=\"250\"><p><strong>M\u00c9TRICA mm<\/strong><\/p><\/td><\/tr><\/thead><tbody><tr valign=\"top\"><td width=\"103\" height=\"33\"><p>2\u201d<\/p><p>3\u201d<\/p><\/td><td width=\"250\"><p>Vedante para Diesel de 40<\/p><p>Vedante para Diesel de 75<\/p><\/td><\/tr><\/tbody><\/table>","protected":false},"excerpt":{"rendered":"<p>Oferecemos uma gama de acess\u00f3rios e tampas para armazenamento de diesel. O material  vedante \u00e9  est\u00e1 preparado para, a longo prazo,  resistir   a todas as  exig\u00eancias  do armazenamento de diesel.<\/p>\n<p>[md_button button_style=&#8221;fill-rectangle&#8221; button_size=&#8221;standard&#8221; left_right_padding=&#8221;0&#8243; button_align=&#8221;left&#8221; button_text=&#8221;ENQUIRE ABOUT PRODUCT&#8221; button_icon_class=&#8221;icon-empty&#8221; button_color=&#8221;rgb(255, 205, 5)&#8221; button_text_color=&#8221;#FFF&#8221; button_bg_hover_color=&#8221;#9b9b9b&#8221; button_hover_color=&#8221;#FFF&#8221; button_url=&#8221;mailto:info@plastex.co.mz&#8221; button_target=&#8221;_self&#8221; md_button_animation=&#8221;no&#8221;][\/md_button]<\/p>\n<p><\/p>","protected":false},"featured_media":1047,"template":"","meta":[],"_links":{"self":[{"href":"https:\/\/plastex.co.mz\/pt\/wp-json\/wp\/v2\/product\/1046"}],"collection":[{"href":"https:\/\/plastex.co.mz\/pt\/wp-json\/wp\/v2\/product"}],"about":[{"href":"https:\/\/plastex.co.mz\/pt\/wp-json\/wp\/v2\/types\/product"}],"wp:featuredmedia":[{"embeddable":true,"href":"https:\/\/plastex.co.mz\/pt\/wp-json\/wp\/v2\/media\/1047"}],"wp:attachment":[{"href":"https:\/\/plastex.co.mz\/pt\/wp-json\/wp\/v2\/media?parent=1046"}],"curies":[{"name":"wp","href":"https:\/\/api.w.org\/{rel}","templated":true}]}}