{"id":1050,"date":"2019-08-28T16:29:30","date_gmt":"2019-08-28T16:29:30","guid":{"rendered":"https:\/\/coi-studios.com\/Plastex\/?post_type=product&#038;p=1050"},"modified":"2019-09-10T17:46:33","modified_gmt":"2019-09-10T15:46:33","slug":"50-40-mm-tank-connector","status":"publish","type":"product","link":"https:\/\/plastex.co.mz\/pt\/produto\/50-40-mm-tank-connector\/","title":{"rendered":"Junta de 50\/40mm para Tanque"},"content":{"rendered":"<table width=\"370\" cellspacing=\"0\" cellpadding=\"4\"><colgroup><col width=\"300\" \/><\/colgroup><colgroup> <col width=\"250\" \/> <\/colgroup><thead><tr><td width=\"103\"><p><strong>BSP<\/strong><\/p><\/td><td width=\"250\"><p><strong>M\u00c9TRICA mm<\/strong><\/p><\/td><\/tr><\/thead><tbody><tr valign=\"top\"><td width=\"103\" height=\"33\"><p>Rosca externa 2\u201d<\/p><p>Rosca Interna 1\u00bd\u201d<\/p><\/td><td width=\"250\"><p>50mm<\/p><p>40mm<\/p><\/td><\/tr><\/tbody><\/table>","protected":false},"excerpt":{"rendered":"<p>A nossa junta de tanque de 50\/40 mm tem uma rosca externa BSP de 2\u201de uma rosca interna BSP de 1\u00bd\u201d. Esta junta para tanque \u00e9 fabricada com uma rosca comprida  pr\u00f3pria para tanques com paredes espessas. \u00c9 fornecida com um vedante resistente a produtos qu\u00edmicos ou um vedante  opcional resistente a diesel. \u00c9 fabricado em polipropileno estabilizado contraraios UV e \u00e9 fornecido com um protector de rosca.<\/p>\n<p>[md_button button_style=&#8221;fill-rectangle&#8221; button_size=&#8221;standard&#8221; left_right_padding=&#8221;0&#8243; button_align=&#8221;left&#8221; button_text=&#8221;ENQUIRE ABOUT PRODUCT&#8221; button_icon_class=&#8221;icon-empty&#8221; button_color=&#8221;rgb(255, 205, 5)&#8221; button_text_color=&#8221;#FFF&#8221; button_bg_hover_color=&#8221;#9b9b9b&#8221; button_hover_color=&#8221;#FFF&#8221; button_url=&#8221;mailto:info@plastex.co.mz&#8221; button_target=&#8221;_self&#8221; md_button_animation=&#8221;no&#8221;][\/md_button]<\/p>\n<p><\/p>","protected":false},"featured_media":1051,"template":"","meta":[],"_links":{"self":[{"href":"https:\/\/plastex.co.mz\/pt\/wp-json\/wp\/v2\/product\/1050"}],"collection":[{"href":"https:\/\/plastex.co.mz\/pt\/wp-json\/wp\/v2\/product"}],"about":[{"href":"https:\/\/plastex.co.mz\/pt\/wp-json\/wp\/v2\/types\/product"}],"wp:featuredmedia":[{"embeddable":true,"href":"https:\/\/plastex.co.mz\/pt\/wp-json\/wp\/v2\/media\/1051"}],"wp:attachment":[{"href":"https:\/\/plastex.co.mz\/pt\/wp-json\/wp\/v2\/media?parent=1050"}],"curies":[{"name":"wp","href":"https:\/\/api.w.org\/{rel}","templated":true}]}}