{"id":1052,"date":"2019-08-28T16:35:19","date_gmt":"2019-08-28T16:35:19","guid":{"rendered":"https:\/\/coi-studios.com\/Plastex\/?post_type=product&#038;p=1052"},"modified":"2019-12-05T09:30:26","modified_gmt":"2019-12-05T07:30:26","slug":"250-mm-lid-complete","status":"publish","type":"product","link":"https:\/\/plastex.co.mz\/pt\/produto\/250-mm-lid-complete\/","title":{"rendered":"Tampa Completa de 250mm"},"content":{"rendered":"Esta tampa \u00e9 fabricada a partir de polipropileno estabilizado contra raios UV.","protected":false},"excerpt":{"rendered":"<p><i>Standardizada<\/i> com um anel de rosca pr\u00e9-moldado que \u00e9 aparafusado no tanque. As op\u00e7\u00f5es extra incluem um mecanismo de quebra de v\u00e1cuo, junta EPDM e montagem de cabos. Esta tampa tamb\u00e9m est\u00e1 dispon\u00edvel com  vedante  resistente a diesel  pr\u00f3prio para armazenamento.<br \/>[md_button button_style=&#8221;fill-rectangle&#8221; button_size=&#8221;standard&#8221; left_right_padding=&#8221;0&#8243; button_align=&#8221;left&#8221; button_text=&#8221;ENQUIRE ABOUT PRODUCT&#8221; button_icon_class=&#8221;icon-empty&#8221; button_color=&#8221;rgb(255, 205, 5)&#8221; button_text_color=&#8221;#FFF&#8221; button_bg_hover_color=&#8221;#9b9b9b&#8221; button_hover_color=&#8221;#FFF&#8221; button_url=&#8221;mailto:info@plastex.co.mz&#8221; button_target=&#8221;_self&#8221; md_button_animation=&#8221;no&#8221;][\/md_button]<\/p>","protected":false},"featured_media":1053,"template":"","meta":[],"_links":{"self":[{"href":"https:\/\/plastex.co.mz\/pt\/wp-json\/wp\/v2\/product\/1052"}],"collection":[{"href":"https:\/\/plastex.co.mz\/pt\/wp-json\/wp\/v2\/product"}],"about":[{"href":"https:\/\/plastex.co.mz\/pt\/wp-json\/wp\/v2\/types\/product"}],"wp:featuredmedia":[{"embeddable":true,"href":"https:\/\/plastex.co.mz\/pt\/wp-json\/wp\/v2\/media\/1053"}],"wp:attachment":[{"href":"https:\/\/plastex.co.mz\/pt\/wp-json\/wp\/v2\/media?parent=1052"}],"curies":[{"name":"wp","href":"https:\/\/api.w.org\/{rel}","templated":true}]}}