{"id":1056,"date":"2019-08-28T16:37:19","date_gmt":"2019-08-28T16:37:19","guid":{"rendered":"https:\/\/coi-studios.com\/Plastex\/?post_type=product&#038;p=1056"},"modified":"2019-09-15T23:54:42","modified_gmt":"2019-09-15T21:54:42","slug":"450-mm-filter-screen","status":"publish","type":"product","link":"https:\/\/plastex.co.mz\/pt\/produto\/450-mm-filter-screen\/","title":{"rendered":"Tela Filtrante de 450mm"},"content":{"rendered":"450 mm","protected":false},"excerpt":{"rendered":"<p>A nossa tela filtrante de 450 mm \u00e9 fabricada em polipropileno estabilizado contra raios UV e usa uma malha de a\u00e7o inoxid\u00e1vel soldada a quente. Este produto est\u00e1 em conformidade com as sec\u00e7\u00f5es da AS\/NZS4766:2006 relevantes para as telas filtrantes. A tela encaixa-se perfeitamente no nosso anel de 450 mm ou pode ser montada directamente no tanque. Esta n\u00e3o s\u00f3 filtra as folhas e part\u00edculas maiores que podem ser levadas do telhado pela \u00e1gua da chuva, como tamb\u00e9m previne que mosquitos, insectos, roedores e pequenos animais entrem no tanque.<br \/>[md_button button_style=&#8221;fill-rectangle&#8221; button_size=&#8221;standard&#8221; left_right_padding=&#8221;0&#8243; button_align=&#8221;left&#8221; button_text=&#8221;ENQUIRE ABOUT PRODUCT&#8221; button_icon_class=&#8221;icon-empty&#8221; button_color=&#8221;rgb(255, 205, 5)&#8221; button_text_color=&#8221;#FFF&#8221; button_bg_hover_color=&#8221;#9b9b9b&#8221; button_hover_color=&#8221;#FFF&#8221; button_url=&#8221;mailto:info@plastex.co.mz&#8221; button_target=&#8221;_self&#8221; md_button_animation=&#8221;no&#8221;][\/md_button]<\/p>","protected":false},"featured_media":1057,"template":"","meta":[],"_links":{"self":[{"href":"https:\/\/plastex.co.mz\/pt\/wp-json\/wp\/v2\/product\/1056"}],"collection":[{"href":"https:\/\/plastex.co.mz\/pt\/wp-json\/wp\/v2\/product"}],"about":[{"href":"https:\/\/plastex.co.mz\/pt\/wp-json\/wp\/v2\/types\/product"}],"wp:featuredmedia":[{"embeddable":true,"href":"https:\/\/plastex.co.mz\/pt\/wp-json\/wp\/v2\/media\/1057"}],"wp:attachment":[{"href":"https:\/\/plastex.co.mz\/pt\/wp-json\/wp\/v2\/media?parent=1056"}],"curies":[{"name":"wp","href":"https:\/\/api.w.org\/{rel}","templated":true}]}}