{"id":1394,"date":"2019-09-05T10:00:24","date_gmt":"2019-09-05T08:00:24","guid":{"rendered":"https:\/\/coi-studios.com\/Plastex\/?post_type=product&#038;p=1394"},"modified":"2019-09-11T21:31:06","modified_gmt":"2019-09-11T19:31:06","slug":"nc-or-copy","status":"publish","type":"product","link":"https:\/\/plastex.co.mz\/pt\/produto\/nc-or-copy\/","title":{"rendered":"AT OR"},"content":{"rendered":"Fornecemos todos os tipos de filtros para uso dom\u00e9stico e comercial. Fornecemos, tamb\u00e9m, sistemas completos de \u00e1gua para ind\u00fastrias, hot\u00e9is, hospitais, etc.","protected":false},"excerpt":{"rendered":"<p>[md_button button_style=&#8221;fill-rectangle&#8221; button_size=&#8221;standard&#8221; left_right_padding=&#8221;0&#8243; button_align=&#8221;left&#8221; button_text=&#8221;ENQUIRE ABOUT PRODUCT&#8221; button_icon_class=&#8221;icon-empty&#8221; button_color=&#8221;rgb(255, 205, 5)&#8221; button_text_color=&#8221;#FFF&#8221; button_bg_hover_color=&#8221;#9b9b9b&#8221; button_hover_color=&#8221;#FFF&#8221; button_url=&#8221;mailto:info@plastex.co.mz&#8221; button_target=&#8221;_self&#8221; md_button_animation=&#8221;no&#8221;][\/md_button]<\/p>\n<p><\/p>","protected":false},"featured_media":1395,"template":"","meta":[],"_links":{"self":[{"href":"https:\/\/plastex.co.mz\/pt\/wp-json\/wp\/v2\/product\/1394"}],"collection":[{"href":"https:\/\/plastex.co.mz\/pt\/wp-json\/wp\/v2\/product"}],"about":[{"href":"https:\/\/plastex.co.mz\/pt\/wp-json\/wp\/v2\/types\/product"}],"wp:featuredmedia":[{"embeddable":true,"href":"https:\/\/plastex.co.mz\/pt\/wp-json\/wp\/v2\/media\/1395"}],"wp:attachment":[{"href":"https:\/\/plastex.co.mz\/pt\/wp-json\/wp\/v2\/media?parent=1394"}],"curies":[{"name":"wp","href":"https:\/\/api.w.org\/{rel}","templated":true}]}}