{"id":1525,"date":"2019-08-29T10:59:50","date_gmt":"2019-08-29T08:59:50","guid":{"rendered":"https:\/\/coi-studios.com\/Plastex\/?post_type=product&#038;p=1107"},"modified":"2023-10-02T12:07:14","modified_gmt":"2023-10-02T10:07:14","slug":"horizontal-water-tank-500-litre","status":"publish","type":"product","link":"https:\/\/plastex.co.mz\/pt\/produto\/horizontal-water-tank-500-litre\/","title":{"rendered":"<!--1-->Tanque Horizontal de \u00c1gua \u2013 500 Litros"},"content":{"rendered":"<strong>Comprimento: <\/strong>1070mm\u00a0<strong><br \/>Largura:<\/strong> 800mm\u00a0<br \/><strong>Altura:<\/strong> 1300mm<br \/><br \/>[md_button button_style=&#8221;fill-rectangle&#8221; button_size=&#8221;standard&#8221; left_right_padding=&#8221;0&#8243; button_align=&#8221;left&#8221; button_text=&#8221;VIEW SPEC SHEET&#8221; button_icon_class=&#8221;icon-empty&#8221; button_color=&#8221;rgb(255, 205, 5)&#8221; button_text_color=&#8221;rgb(37, 37, 37)&#8221; button_bg_hover_color=&#8221;#9b9b9b&#8221; button_hover_color=&#8221;#FFF&#8221; button_url=&#8221;http:\/\/plastex.co.mz\/wp-content\/uploads\/2023\/10\/SpecSheet_HorizontalTank500Litres.pdf&#8221; button_target=&#8221;_self&#8221; md_button_animation=&#8221;no&#8221;][\/md_button]","protected":false},"excerpt":{"rendered":"<p style=\"font-size: 12px;\">Armazena 500 litros<br \/>Acess\u00f3rios de alta qualidade<br \/>Camada externa estabilizada contra raios UV<br \/>Resistente \u00e0 ferrugem e \u00e0 corros\u00e3o<\/p>\n<p style=\"font-size: 12px;\">Transporte, manuseamento e instala\u00e7\u00e3o f\u00e1ceis<br \/>Polietileno virgem de alta qualidade *<br \/>A qualidade do revestimento interno preto  impede o crescimento de algas<\/p>\n<p style=\"font-size: 12px;\">Recicl\u00e1vel<br \/>Livre de BPA<\/p>\n<p style=\"font-size: 11px;\">*compat\u00edvel com armazenamento de \u00e1gua pot\u00e1vel<\/p>\n<p><strong>Cor Padr\u00e3o<br \/><\/strong><img decoding=\"async\" loading=\"lazy\" class=\"wp-image-2216 size-full alignleft\" src=\"http:\/\/plastex.co.mz\/wp-content\/uploads\/2019\/08\/ColorSwatch_BlackStandard.png\" alt=\"\" width=\"30\" height=\"30\" \/><\/p>\n<p><strong style=\"font-size: 12px;\">Cores Alternativas<br \/><\/strong><img decoding=\"async\" loading=\"lazy\" class=\"wp-image-2218 size-full alignleft\" src=\"http:\/\/plastex.co.mz\/wp-content\/uploads\/2019\/08\/ColorSwatchSmall_Grey.png\" alt=\"\" width=\"20\" height=\"20\" \/><img decoding=\"async\" loading=\"lazy\" class=\"wp-image-2219 size-full alignleft\" src=\"http:\/\/plastex.co.mz\/wp-content\/uploads\/2019\/08\/ColorSwatchSmall_Green.png\" alt=\"\" width=\"20\" height=\"20\" \/><img decoding=\"async\" loading=\"lazy\" class=\"wp-image-2220 size-full alignleft\" src=\"http:\/\/plastex.co.mz\/wp-content\/uploads\/2019\/08\/ColorSwatchSmall_Red.png\" alt=\"\" width=\"20\" height=\"20\" \/><img decoding=\"async\" loading=\"lazy\" class=\"wp-image-2221 size-full alignleft\" src=\"http:\/\/plastex.co.mz\/wp-content\/uploads\/2019\/08\/ColorSwatchSmall_Blue.png\" alt=\"\" width=\"20\" height=\"20\" \/><img decoding=\"async\" loading=\"lazy\" class=\"wp-image-2222 size-full alignleft\" src=\"http:\/\/plastex.co.mz\/wp-content\/uploads\/2019\/08\/ColorSwatchSmall_Orange.png\" alt=\"\" width=\"20\" height=\"20\" \/><img decoding=\"async\" loading=\"lazy\" class=\"wp-image-2223 size-full alignleft\" src=\"http:\/\/plastex.co.mz\/wp-content\/uploads\/2019\/08\/ColorSwatchSmall_Yellow.png\" alt=\"\" width=\"20\" height=\"20\" \/><\/p>\n<p><\/p>\n<p style=\"font-size: 12px;\"><strong>Note:<\/strong> Podemos produzir, por encomenda, qualquer cor que n\u00e3o fa\u00e7a parte do cat\u00e1logo<\/p>\n<p>[md_button button_style=&#8221;fill-rectangle&#8221; button_size=&#8221;standard&#8221; left_right_padding=&#8221;0&#8243; button_align=&#8221;left&#8221; button_text=&#8221;ENQUIRE ABOUT PRODUCT&#8221; button_icon_class=&#8221;icon-empty&#8221; button_color=&#8221;rgb(255, 205, 5)&#8221; button_text_color=&#8221;#FFF&#8221; button_bg_hover_color=&#8221;#9b9b9b&#8221; button_hover_color=&#8221;#FFF&#8221; button_url=&#8221;mailto:info@plastex.co.mz&#8221; button_target=&#8221;_self&#8221; md_button_animation=&#8221;no&#8221;][\/md_button]<\/p>","protected":false},"featured_media":1346,"template":"","meta":[],"_links":{"self":[{"href":"https:\/\/plastex.co.mz\/pt\/wp-json\/wp\/v2\/product\/1525"}],"collection":[{"href":"https:\/\/plastex.co.mz\/pt\/wp-json\/wp\/v2\/product"}],"about":[{"href":"https:\/\/plastex.co.mz\/pt\/wp-json\/wp\/v2\/types\/product"}],"wp:featuredmedia":[{"embeddable":true,"href":"https:\/\/plastex.co.mz\/pt\/wp-json\/wp\/v2\/media\/1346"}],"wp:attachment":[{"href":"https:\/\/plastex.co.mz\/pt\/wp-json\/wp\/v2\/media?parent=1525"}],"curies":[{"name":"wp","href":"https:\/\/api.w.org\/{rel}","templated":true}]}}