{"id":1751,"date":"2019-09-10T15:54:03","date_gmt":"2019-09-10T13:54:03","guid":{"rendered":"http:\/\/plastex.co.mz\/?post_type=product&#038;p=1751"},"modified":"2019-09-10T16:00:37","modified_gmt":"2019-09-10T14:00:37","slug":"grey-compact-left-hand-thread","status":"publish","type":"product","link":"https:\/\/plastex.co.mz\/pt\/produto\/grey-compact-left-hand-thread\/","title":{"rendered":"Rosca Esquerda Compacta Cinza"},"content":{"rendered":"<table width=\"370\" cellspacing=\"0\" cellpadding=\"4\"><colgroup><col width=\"400\" \/><\/colgroup><colgroup> <col width=\"250\" \/> <\/colgroup><thead><tr><td width=\"103\"><p><strong>BSP<\/strong><\/p><\/td><td width=\"250\"><p><strong>M\u00c9TRICA mm<\/strong><\/p><\/td><\/tr><\/thead><tbody><tr valign=\"top\"><td width=\"103\" height=\"33\"><p>2&#8243; MALE x 1&#8243; 1\/2 FEMALE<\/p><\/td><td width=\"250\"><p>50mm x 40mm<\/p><\/td><\/tr><\/tbody><\/table>","protected":false},"excerpt":{"rendered":"<p style=\"font-size: 12px;\"><strong>Temperatura: <br \/><\/strong>Maximum 120\u00b0C<br \/><strong>Material: <br \/><\/strong>Polipropileno refor\u00e7ado com fibra de vido, guarni\u00e7\u00e3o: Composto de EDPM+PP, ABS estabilizado contra raios UV, Junta \u2013 SVA200<br \/><strong>Caracter\u00edsticas: <br \/><\/strong>RESISTENTE AO SOL \u2013 estabilizado contra raiosUV<br \/>EXTRA FORTE \u2013 Constru\u00e7\u00e3o robusta<br \/>IMPERME\u00c1VEL \u2013 Teste de press\u00e3o feito individualmente<br \/>PERFEITAMENTE VEDADO \u2013 Junta com  nervura dupla<\/p>\n<p>[md_button button_style=&#8221;fill-rectangle&#8221; button_size=&#8221;standard&#8221; left_right_padding=&#8221;0&#8243; button_align=&#8221;left&#8221; button_text=&#8221;ENQUIRE ABOUT PRODUCT&#8221; button_icon_class=&#8221;icon-empty&#8221; button_color=&#8221;rgb(255, 205, 5)&#8221; button_text_color=&#8221;#FFF&#8221; button_bg_hover_color=&#8221;#9b9b9b&#8221; button_hover_color=&#8221;#FFF&#8221; button_url=&#8221;mailto:info@plastex.co.mz&#8221; button_target=&#8221;_self&#8221; md_button_animation=&#8221;no&#8221;][\/md_button]<\/p>\n<p><\/p>","protected":false},"featured_media":1752,"template":"","meta":[],"_links":{"self":[{"href":"https:\/\/plastex.co.mz\/pt\/wp-json\/wp\/v2\/product\/1751"}],"collection":[{"href":"https:\/\/plastex.co.mz\/pt\/wp-json\/wp\/v2\/product"}],"about":[{"href":"https:\/\/plastex.co.mz\/pt\/wp-json\/wp\/v2\/types\/product"}],"wp:featuredmedia":[{"embeddable":true,"href":"https:\/\/plastex.co.mz\/pt\/wp-json\/wp\/v2\/media\/1752"}],"wp:attachment":[{"href":"https:\/\/plastex.co.mz\/pt\/wp-json\/wp\/v2\/media?parent=1751"}],"curies":[{"name":"wp","href":"https:\/\/api.w.org\/{rel}","templated":true}]}}