{"id":1755,"date":"2019-09-10T16:08:10","date_gmt":"2019-09-10T14:08:10","guid":{"rendered":"http:\/\/plastex.co.mz\/?post_type=product&#038;p=1755"},"modified":"2019-09-10T17:51:39","modified_gmt":"2019-09-10T15:51:39","slug":"male-plug","status":"publish","type":"product","link":"https:\/\/plastex.co.mz\/pt\/produto\/male-plug\/","title":{"rendered":"Boj\u00e3o Macho"},"content":{"rendered":"<table width=\"370\" cellspacing=\"0\" cellpadding=\"4\"><colgroup><col width=\"140\" \/><\/colgroup><colgroup> <col width=\"250\" \/> <\/colgroup><thead><tr><td width=\"103\"><p><strong>BSP<\/strong><\/p><\/td><td width=\"250\"><p><strong>M\u00c9TRICA mm<\/strong><\/p><\/td><\/tr><\/thead><tbody><tr valign=\"top\"><td width=\"103\" height=\"33\"><p>3\/4&#8243;<\/p><\/td><td width=\"250\"><p>20mm<\/p><\/td><\/tr><\/tbody><\/table>","protected":false},"excerpt":{"rendered":"<p style=\"font-size: 12px;\"><strong>Temperatura: <br \/><\/strong>M\u00e1ximo 50\u00b0C<br \/><strong>Aplica\u00e7\u00f5es Adequadas: <br \/><\/strong>\u00c1gua, Petr\u00f3leo, G\u00e1s<br \/><strong>Material: <br \/><\/strong>UV Stabilised ABS<br \/><strong>Caracter\u00edsticas: <br \/><\/strong>RESISTENTE AO SOL \u2013 estabilizado contra raiosUV<br \/>EXTRA FORTE \u2013 Constru\u00e7\u00e3o robusta<br \/>IMPERME\u00c1VEL \u2013 Teste de press\u00e3o feito individualmente<\/p>\n<p>[md_button button_style=&#8221;fill-rectangle&#8221; button_size=&#8221;standard&#8221; left_right_padding=&#8221;0&#8243; button_align=&#8221;left&#8221; button_text=&#8221;ENQUIRE ABOUT PRODUCT&#8221; button_icon_class=&#8221;icon-empty&#8221; button_color=&#8221;rgb(255, 205, 5)&#8221; button_text_color=&#8221;#FFF&#8221; button_bg_hover_color=&#8221;#9b9b9b&#8221; button_hover_color=&#8221;#FFF&#8221; button_url=&#8221;mailto:info@plastex.co.mz&#8221; button_target=&#8221;_self&#8221; md_button_animation=&#8221;no&#8221;][\/md_button]<\/p>\n<p><\/p>","protected":false},"featured_media":1756,"template":"","meta":[],"_links":{"self":[{"href":"https:\/\/plastex.co.mz\/pt\/wp-json\/wp\/v2\/product\/1755"}],"collection":[{"href":"https:\/\/plastex.co.mz\/pt\/wp-json\/wp\/v2\/product"}],"about":[{"href":"https:\/\/plastex.co.mz\/pt\/wp-json\/wp\/v2\/types\/product"}],"wp:featuredmedia":[{"embeddable":true,"href":"https:\/\/plastex.co.mz\/pt\/wp-json\/wp\/v2\/media\/1756"}],"wp:attachment":[{"href":"https:\/\/plastex.co.mz\/pt\/wp-json\/wp\/v2\/media?parent=1755"}],"curies":[{"name":"wp","href":"https:\/\/api.w.org\/{rel}","templated":true}]}}