{"id":2083,"date":"2019-09-15T11:06:10","date_gmt":"2019-09-15T09:06:10","guid":{"rendered":"http:\/\/plastex.co.mz\/?post_type=product&#038;p=2083"},"modified":"2023-10-02T12:17:39","modified_gmt":"2023-10-02T10:17:39","slug":"septic-tank-pit-2500-litre","status":"publish","type":"product","link":"https:\/\/plastex.co.mz\/pt\/produto\/septic-tank-pit-2500-litre\/","title":{"rendered":"<!--5-->Tanque de Saneamento \u2013 2500 Litros"},"content":{"rendered":"<strong>Di\u00e2metro: <\/strong>1700mm\u00a0<strong><br \/>Altura:<\/strong> 1500mm\u00a0<br \/><br \/>[md_button button_style=&#8221;fill-rectangle&#8221; button_size=&#8221;standard&#8221; left_right_padding=&#8221;0&#8243; button_align=&#8221;left&#8221; button_text=&#8221;VIEW SPEC SHEET&#8221; button_icon_class=&#8221;icon-empty&#8221; button_color=&#8221;rgb(255, 205, 5)&#8221; button_text_color=&#8221;rgb(37, 37, 37)&#8221; button_bg_hover_color=&#8221;#9b9b9b&#8221; button_hover_color=&#8221;#FFF&#8221; button_url=&#8221;http:\/\/plastex.co.mz\/wp-content\/uploads\/2023\/10\/SpecSheet_SanitationPit_High2500Litres.pdf&#8221; button_target=&#8221;_self&#8221; md_button_animation=&#8221;no&#8221;][\/md_button]<br \/>","protected":false},"excerpt":{"rendered":"<p style=\"font-size: 12px;\">Armazena 2500 litros<br \/>Acess\u00f3rios de alta qualidade<br \/>Camada externa estabilizada contra raios UV<br \/>Sistemas resistentes \u00e0 ferrugem e \u00e0 corros\u00e3o<\/p>\n<p>Transporte, manuseamento e instala\u00e7\u00e3o f\u00e1ceis<br \/>Polietileno virgem de alta qualidade*\u00a0<br \/>F\u00e1cil de manter e de limpar<\/p>\n<p>Recicl\u00e1vel<br \/>Livre de BPA<\/p>\n<p style=\"font-size: 11px;\">*n\u00e3o \u00e9 afectado pelos produtos qu\u00edmicos do solo e pelos produtos qu\u00edmicos e gases presentes no esgoto<\/p>\n<p><strong>Cor Padr\u00e3o<br \/><\/strong><img decoding=\"async\" loading=\"lazy\" class=\"wp-image-2253 size-full alignleft\" src=\"http:\/\/plastex.co.mz\/wp-content\/uploads\/2019\/09\/ColorSwatch_GreyStandard.png\" alt=\"\" width=\"30\" height=\"30\" \/><\/p>\n<p><strong style=\"font-size: 12px;\">Cores Alternativas<br \/><\/strong><img decoding=\"async\" loading=\"lazy\" class=\"wp-image-2250 size-full alignleft\" src=\"http:\/\/plastex.co.mz\/wp-content\/uploads\/2019\/09\/ColorSwatchSmall_Black.png\" alt=\"\" width=\"20\" height=\"20\" \/><img decoding=\"async\" loading=\"lazy\" class=\"wp-image-2219 size-full alignleft\" src=\"http:\/\/plastex.co.mz\/wp-content\/uploads\/2019\/08\/ColorSwatchSmall_Green.png\" alt=\"\" width=\"20\" height=\"20\" \/><img decoding=\"async\" loading=\"lazy\" class=\"wp-image-2220 size-full alignleft\" src=\"http:\/\/plastex.co.mz\/wp-content\/uploads\/2019\/08\/ColorSwatchSmall_Red.png\" alt=\"\" width=\"20\" height=\"20\" \/><img decoding=\"async\" loading=\"lazy\" class=\"wp-image-2221 size-full alignleft\" src=\"http:\/\/plastex.co.mz\/wp-content\/uploads\/2019\/08\/ColorSwatchSmall_Blue.png\" alt=\"\" width=\"20\" height=\"20\" \/><img decoding=\"async\" loading=\"lazy\" class=\"wp-image-2222 size-full alignleft\" src=\"http:\/\/plastex.co.mz\/wp-content\/uploads\/2019\/08\/ColorSwatchSmall_Orange.png\" alt=\"\" width=\"20\" height=\"20\" \/><img decoding=\"async\" loading=\"lazy\" class=\"wp-image-2223 size-full alignleft\" src=\"http:\/\/plastex.co.mz\/wp-content\/uploads\/2019\/08\/ColorSwatchSmall_Yellow.png\" alt=\"\" width=\"20\" height=\"20\" \/><\/p>\n<p><\/p>\n<p style=\"font-size: 12px;\"><strong>Note:<\/strong> Podemos produzir, por encomenda, qualquer cor que n\u00e3o fa\u00e7a parte do cat\u00e1logo<\/p>\n<p>[md_button button_style=&#8221;fill-rectangle&#8221; button_size=&#8221;standard&#8221; left_right_padding=&#8221;0&#8243; button_align=&#8221;left&#8221; button_text=&#8221;ENQUIRE ABOUT PRODUCT&#8221; button_icon_class=&#8221;icon-empty&#8221; button_color=&#8221;rgb(255, 205, 5)&#8221; button_text_color=&#8221;#FFF&#8221; button_bg_hover_color=&#8221;#9b9b9b&#8221; button_hover_color=&#8221;#FFF&#8221; button_url=&#8221;mailto:info@plastex.co.mz&#8221; button_target=&#8221;_self&#8221; md_button_animation=&#8221;no&#8221;][\/md_button]<\/p>","protected":false},"featured_media":2072,"template":"","meta":[],"_links":{"self":[{"href":"https:\/\/plastex.co.mz\/pt\/wp-json\/wp\/v2\/product\/2083"}],"collection":[{"href":"https:\/\/plastex.co.mz\/pt\/wp-json\/wp\/v2\/product"}],"about":[{"href":"https:\/\/plastex.co.mz\/pt\/wp-json\/wp\/v2\/types\/product"}],"wp:featuredmedia":[{"embeddable":true,"href":"https:\/\/plastex.co.mz\/pt\/wp-json\/wp\/v2\/media\/2072"}],"wp:attachment":[{"href":"https:\/\/plastex.co.mz\/pt\/wp-json\/wp\/v2\/media?parent=2083"}],"curies":[{"name":"wp","href":"https:\/\/api.w.org\/{rel}","templated":true}]}}