{"id":2786,"date":"2020-05-12T08:04:55","date_gmt":"2020-05-12T06:04:55","guid":{"rendered":"http:\/\/plastex.co.mz\/?post_type=product&#038;p=2786"},"modified":"2020-06-08T17:14:09","modified_gmt":"2020-06-08T15:14:09","slug":"plastex-sani-cab","status":"publish","type":"product","link":"https:\/\/plastex.co.mz\/pt\/produto\/plastex-sani-cab\/","title":{"rendered":"SANI-CAB"},"content":{"rendered":"&#8211;","protected":false},"excerpt":{"rendered":"<p>A grave situa\u00e7\u00e3o mundial levou a PLASTEX a criar uma solu\u00e7\u00e3o para ajudar o Pais no combate ao COVID-19: uma cabine de pl\u00e1stico com 6m2 para desinfec\u00e7\u00e3o de pessoas, roupas e objetos aquando da sua entrada em edif\u00edcios ou em outras \u00e1reas onde as pessoas se re\u00fanem. O desinfectante \u00e9 mantido num tanque pl\u00e1stico, e \u00e9 pulverizado para dentro da cabine atrav\u00e9s de uma bomba e respectiva tubagem.<\/p>\n<p>A SANI-CAB \u00e9 ideal para ser instalada \u00e0 entrada de institui\u00e7\u00f5es p\u00fablicas e privadas tais como empresas, farm\u00e1cias, supermercados, hot\u00e9is e restaurantes, aeroportos, hospitais, portos, esta\u00e7\u00f5es e em todos os locais com grande aflu\u00eancia de pessoas.<\/p>\n<p>A cabine pl\u00e1stica \u00e9 fabricada utilizando a tecnologia de rotomolda\u00e7\u00e3o, com um sistema integrado de mini sprays, uma bomba el\u00e9ctrica de 0,5hp e tubagem, um tanque de 250 litros, um sensor de movimento acoplado a um rel\u00e9, uma l\u00e2mpada com acr\u00edlico transparente para protec\u00e7\u00e3o contra a humidade, e um tapete pl\u00e1stico na base da cabine. O sistema de pulveriza\u00e7\u00e3o integrado \u00e9 capaz de pulverizar qualquer tipo de produto desinfectante.<\/p>\n<p>[md_button button_style=&#8221;fill-rectangle&#8221; button_size=&#8221;standard&#8221; left_right_padding=&#8221;0&#8243; button_align=&#8221;left&#8221; button_text=&#8221;ENQUIRE ABOUT PRODUCT&#8221; button_icon_class=&#8221;icon-empty&#8221; button_color=&#8221;rgb(255, 205, 5)&#8221; button_text_color=&#8221;#FFF&#8221; button_bg_hover_color=&#8221;#9b9b9b&#8221; button_hover_color=&#8221;#FFF&#8221; button_url=&#8221;mailto:info@plastex.co.mz&#8221; button_target=&#8221;_self&#8221; md_button_animation=&#8221;no&#8221;][\/md_button]<\/p>\n<p><\/p>","protected":false},"featured_media":2792,"template":"","meta":[],"_links":{"self":[{"href":"https:\/\/plastex.co.mz\/pt\/wp-json\/wp\/v2\/product\/2786"}],"collection":[{"href":"https:\/\/plastex.co.mz\/pt\/wp-json\/wp\/v2\/product"}],"about":[{"href":"https:\/\/plastex.co.mz\/pt\/wp-json\/wp\/v2\/types\/product"}],"wp:featuredmedia":[{"embeddable":true,"href":"https:\/\/plastex.co.mz\/pt\/wp-json\/wp\/v2\/media\/2792"}],"wp:attachment":[{"href":"https:\/\/plastex.co.mz\/pt\/wp-json\/wp\/v2\/media?parent=2786"}],"curies":[{"name":"wp","href":"https:\/\/api.w.org\/{rel}","templated":true}]}}