{"id":2804,"date":"2020-05-26T12:01:10","date_gmt":"2020-05-26T10:01:10","guid":{"rendered":"http:\/\/plastex.co.mz\/?post_type=product&#038;p=2804"},"modified":"2020-05-29T17:23:56","modified_gmt":"2020-05-29T15:23:56","slug":"lavatorio-de-multiuso","status":"publish","type":"product","link":"https:\/\/plastex.co.mz\/pt\/produto\/lavatorio-de-multiuso\/","title":{"rendered":"Lavat\u00f3rio de 40 litros \u2013 Multiuso"},"content":{"rendered":"Torneira n\u00e3o inclu\u00edda.","protected":false},"excerpt":{"rendered":"<ul style=\"font-size: 12px;\">\n<li>Ideal para lavar, m\u00e3os, loi\u00e7a, roupa<\/li>\n<li>Pr\u00e1tico, leve, resistente e econ\u00f3mico<\/li>\n<li>Proprociona economia de espa\u00e7o<\/li>\n<li>Fabricado com politetileno virgem de alta qualidade<\/li>\n<li>Idela para ser colocado em empresas, institui\u00e7\u00f5es p\u00fablicas para lavagem de m\u00e3os<\/li>\n<li>Afixado em qualquer parede debaxio de uma torneira ou embutido numa bancada de cimento<\/li>\n<li>Pode ser colocado no exterior ou no interior<\/li>\n<li>F\u00e1cil manuseio e transporte<\/li>\n<li>Encaixam-se facilmente para transporte de grandes quantidades<\/li>\n<\/ul>\n<p><\/p>\n<p>[md_button button_style=&#8221;fill-rectangle&#8221; button_size=&#8221;standard&#8221; left_right_padding=&#8221;0&#8243; button_align=&#8221;left&#8221; button_text=&#8221;ENQUIRE ABOUT PRODUCT&#8221; button_icon_class=&#8221;icon-empty&#8221; button_color=&#8221;rgb(255, 205, 5)&#8221; button_text_color=&#8221;#FFF&#8221; button_bg_hover_color=&#8221;#9b9b9b&#8221; button_hover_color=&#8221;#FFF&#8221; button_url=&#8221;mailto:info@plastex.co.mz&#8221; button_target=&#8221;_self&#8221; md_button_animation=&#8221;no&#8221;][\/md_button]<\/p>\n<p><\/p>","protected":false},"featured_media":2805,"template":"","meta":[],"_links":{"self":[{"href":"https:\/\/plastex.co.mz\/pt\/wp-json\/wp\/v2\/product\/2804"}],"collection":[{"href":"https:\/\/plastex.co.mz\/pt\/wp-json\/wp\/v2\/product"}],"about":[{"href":"https:\/\/plastex.co.mz\/pt\/wp-json\/wp\/v2\/types\/product"}],"wp:featuredmedia":[{"embeddable":true,"href":"https:\/\/plastex.co.mz\/pt\/wp-json\/wp\/v2\/media\/2805"}],"wp:attachment":[{"href":"https:\/\/plastex.co.mz\/pt\/wp-json\/wp\/v2\/media?parent=2804"}],"curies":[{"name":"wp","href":"https:\/\/api.w.org\/{rel}","templated":true}]}}