{"id":2831,"date":"2020-06-08T17:11:46","date_gmt":"2020-06-08T15:11:46","guid":{"rendered":"http:\/\/plastex.co.mz\/?post_type=product&#038;p=2831"},"modified":"2020-06-14T14:47:11","modified_gmt":"2020-06-14T12:47:11","slug":"umlo","status":"publish","type":"product","link":"https:\/\/plastex.co.mz\/pt\/produto\/umlo\/","title":{"rendered":"UMLO+: ESTA\u00c7\u00c3O DE HIGIENIZA\u00c7\u00c3O DE M\u00c3OS"},"content":{"rendered":"<table style=\"height: 134px;\" width=\"500\" cellspacing=\"0\" cellpadding=\"4\"><colgroup><col width=\"140\" \/><\/colgroup><colgroup><col width=\"140\" \/><\/colgroup><colgroup><col width=\"250\" \/><\/colgroup><thead><tr><td width=\"103\"><strong>LARGURA<\/strong><\/td><td width=\"150\"><p><strong>ALTURA<\/strong><\/p><\/td><td width=\"400\"><p><strong>ALTURA DOS LAVAT\u00d3RIOS<\/strong><\/p><\/td><\/tr><\/thead><tbody><tr valign=\"top\"><td width=\"103\" height=\"33\"><p>2,90cm<\/p><\/td><td width=\"150\"><p>2,77cm<\/p><\/td><td width=\"103\"><p>95cm<\/p><\/td><\/tr><\/tbody><\/table>","protected":false},"excerpt":{"rendered":"<p>O acesso \u00e0 \u00e1gua \u00e9 essencial no combate ao COVID-19. A Esta\u00e7\u00e3o de higieniza\u00e7\u00e3o de m\u00e3os \u00e9\num produto concebido para facilitar a desinfe\u00e7\u00e3o de m\u00e3os em locais de grande aflu\u00eancia de\npessoas. Compreende um tanque de 2,500 litros, 3 lavat\u00f3rios de 40 Litros e torneiras\nautom\u00e1ticas com bot\u00e3o permitindo a abertura da \u00e1gua com o cotovelo evitando infec\u00e7\u00f5es.<\/p>\n<ul>\n<li style=\"list-style-type: none;\">\n<ul>\n<li>Ideal para ser colocado em mercados, empresas, institui\u00e7\u00f5es p\u00fablicas.<\/li>\n<\/ul>\n<\/li>\n<\/ul>\n<p><\/p>\n<ul>\n<li>O tanque de 2,500 Litros possibilita a lavagem de m\u00e3os em s\u00edtios sem fornecimento de \u00e1gua canalizada.<\/li>\n<\/ul>\n<p><\/p>\n<p>[md_button button_style=&#8221;fill-rectangle&#8221; button_size=&#8221;standard&#8221; left_right_padding=&#8221;0&#8243; button_align=&#8221;left&#8221; button_text=&#8221;ENQUIRE ABOUT PRODUCT&#8221; button_icon_class=&#8221;icon-empty&#8221; button_color=&#8221;rgb(255, 205, 5)&#8221; button_text_color=&#8221;#FFF&#8221; button_bg_hover_color=&#8221;#9b9b9b&#8221; button_hover_color=&#8221;#FFF&#8221; button_url=&#8221;mailto:info@plastex.co.mz&#8221; button_target=&#8221;_self&#8221; md_button_animation=&#8221;no&#8221;][\/md_button]<\/p>\n<p><\/p>","protected":false},"featured_media":2834,"template":"","meta":[],"_links":{"self":[{"href":"https:\/\/plastex.co.mz\/pt\/wp-json\/wp\/v2\/product\/2831"}],"collection":[{"href":"https:\/\/plastex.co.mz\/pt\/wp-json\/wp\/v2\/product"}],"about":[{"href":"https:\/\/plastex.co.mz\/pt\/wp-json\/wp\/v2\/types\/product"}],"wp:featuredmedia":[{"embeddable":true,"href":"https:\/\/plastex.co.mz\/pt\/wp-json\/wp\/v2\/media\/2834"}],"wp:attachment":[{"href":"https:\/\/plastex.co.mz\/pt\/wp-json\/wp\/v2\/media?parent=2831"}],"curies":[{"name":"wp","href":"https:\/\/api.w.org\/{rel}","templated":true}]}}