{"id":587,"date":"2019-08-07T10:47:06","date_gmt":"2019-08-07T10:47:06","guid":{"rendered":"https:\/\/coi-studios.com\/Plastex\/?post_type=product&#038;p=587"},"modified":"2020-05-29T13:32:38","modified_gmt":"2020-05-29T11:32:38","slug":"laundary-wash-basin","status":"publish","type":"product","link":"https:\/\/plastex.co.mz\/pt\/produto\/laundary-wash-basin\/","title":{"rendered":"Tanques de Lavar a Roupa"},"content":{"rendered":"&#8211;","protected":false},"excerpt":{"rendered":"<p class=\" translation-block\">O acabamento externo do <strong>Tanque de Lavar Roupa<\/strong> da PLASTEX \u00e9 extremamente suave para n\u00e3o danificar a roupa.\nA sua composi\u00e7\u00e3o pl\u00e1stica n\u00e3o permite a acumula\u00e7\u00e3o de iodo ou o crescimento de microorganismos.<\/p>\n<p><\/span>\u00c9 m\u00f3vel, leve, f\u00e1cil de transportar e extremamente resistente \u00e0 luz solar.<\/p>\n<p>Dispon\u00edvel em v\u00e1rias cores<br \/><img decoding=\"async\" loading=\"lazy\" class=\"wp-image-2221 size-full alignleft\" src=\"http:\/\/plastex.co.mz\/wp-content\/uploads\/2019\/08\/ColorSwatchSmall_Blue.png\" alt=\"\" width=\"20\" height=\"20\" \/><img decoding=\"async\" loading=\"lazy\" class=\"wp-image-2220 size-full alignleft\" src=\"http:\/\/plastex.co.mz\/wp-content\/uploads\/2019\/08\/ColorSwatchSmall_Red.png\" alt=\"\" width=\"20\" height=\"20\" \/><img decoding=\"async\" loading=\"lazy\" class=\"wp-image-2250 size-full alignleft\" src=\"http:\/\/plastex.co.mz\/wp-content\/uploads\/2019\/09\/ColorSwatchSmall_Black.png\" alt=\"\" width=\"20\" height=\"20\" \/><img decoding=\"async\" loading=\"lazy\" class=\"wp-image-2222 size-full alignleft\" src=\"http:\/\/plastex.co.mz\/wp-content\/uploads\/2019\/08\/ColorSwatchSmall_Orange.png\" alt=\"\" width=\"20\" height=\"20\" \/><img decoding=\"async\" loading=\"lazy\" class=\"wp-image-2219 size-full alignleft\" src=\"http:\/\/plastex.co.mz\/wp-content\/uploads\/2019\/08\/ColorSwatchSmall_Green.png\" alt=\"\" width=\"20\" height=\"20\" \/><\/p>\n<p><\/p>\n<p style=\"font-size: 12px;\"><strong>Note:<\/strong> Podemos produzir, por encomenda, qualquer cor que n\u00e3o fa\u00e7a parte do cat\u00e1logo<\/p>\n<p>[md_button button_style=&#8221;fill-rectangle&#8221; button_size=&#8221;standard&#8221; left_right_padding=&#8221;0&#8243; button_align=&#8221;left&#8221; button_text=&#8221;ENQUIRE ABOUT PRODUCT&#8221; button_icon_class=&#8221;icon-empty&#8221; button_color=&#8221;rgb(255, 205, 5)&#8221; button_text_color=&#8221;#FFF&#8221; button_bg_hover_color=&#8221;#9b9b9b&#8221; button_hover_color=&#8221;#FFF&#8221; button_url=&#8221;mailto:info@plastex.co.mz&#8221; button_target=&#8221;_self&#8221; md_button_animation=&#8221;no&#8221;][\/md_button]<\/p>\n<p><\/p>","protected":false},"featured_media":603,"template":"","meta":[],"_links":{"self":[{"href":"https:\/\/plastex.co.mz\/pt\/wp-json\/wp\/v2\/product\/587"}],"collection":[{"href":"https:\/\/plastex.co.mz\/pt\/wp-json\/wp\/v2\/product"}],"about":[{"href":"https:\/\/plastex.co.mz\/pt\/wp-json\/wp\/v2\/types\/product"}],"wp:featuredmedia":[{"embeddable":true,"href":"https:\/\/plastex.co.mz\/pt\/wp-json\/wp\/v2\/media\/603"}],"wp:attachment":[{"href":"https:\/\/plastex.co.mz\/pt\/wp-json\/wp\/v2\/media?parent=587"}],"curies":[{"name":"wp","href":"https:\/\/api.w.org\/{rel}","templated":true}]}}