{"id":643,"date":"2019-08-14T14:56:13","date_gmt":"2019-08-14T14:56:13","guid":{"rendered":"https:\/\/coi-studios.com\/Plastex\/?post_type=product&#038;p=643"},"modified":"2019-09-27T12:11:07","modified_gmt":"2019-09-27T10:11:07","slug":"pallets","status":"publish","type":"product","link":"https:\/\/plastex.co.mz\/pt\/produto\/pallets\/","title":{"rendered":"Paletes"},"content":{"rendered":"","protected":false},"excerpt":{"rendered":"<p class=\" translation-block\">As paletes da PLASTEX s\u00e3o fabricadas com <strong>polietileno de alta qualidade.<\/strong> N\u00e3o precisam de manuten\u00e7\u00e3o, duram muito tempo e s\u00e3o mais seguras do que as paletes de madeira. Empilh\u00e1veis para armazenamento eficiente, elas apresentam uma plataforma dentada com orif\u00edcios para drenagem.<\/p>\n<p>Dispon\u00edvel em v\u00e1rias cores<br \/><img decoding=\"async\" loading=\"lazy\" class=\"wp-image-2221 size-full alignleft\" src=\"http:\/\/plastex.co.mz\/wp-content\/uploads\/2019\/08\/ColorSwatchSmall_Blue.png\" alt=\"\" width=\"20\" height=\"20\" \/><img decoding=\"async\" loading=\"lazy\" class=\"wp-image-2220 size-full alignleft\" src=\"http:\/\/plastex.co.mz\/wp-content\/uploads\/2019\/08\/ColorSwatchSmall_Red.png\" alt=\"\" width=\"20\" height=\"20\" \/><img decoding=\"async\" loading=\"lazy\" class=\"wp-image-2250 size-full alignleft\" src=\"http:\/\/plastex.co.mz\/wp-content\/uploads\/2019\/09\/ColorSwatchSmall_Black.png\" alt=\"\" width=\"20\" height=\"20\" \/><img decoding=\"async\" loading=\"lazy\" class=\"wp-image-2222 size-full alignleft\" src=\"http:\/\/plastex.co.mz\/wp-content\/uploads\/2019\/08\/ColorSwatchSmall_Orange.png\" alt=\"\" width=\"20\" height=\"20\" \/><img decoding=\"async\" loading=\"lazy\" class=\"wp-image-2219 size-full alignleft\" src=\"http:\/\/plastex.co.mz\/wp-content\/uploads\/2019\/08\/ColorSwatchSmall_Green.png\" alt=\"\" width=\"20\" height=\"20\" \/><\/p>\n<p><\/p>\n<p style=\"font-size: 12px;\"><strong>Note:<\/strong> Podemos produzir, por encomenda, qualquer cor que n\u00e3o fa\u00e7a parte do cat\u00e1logo<\/p>\n<p>[md_button button_style=&#8221;fill-rectangle&#8221; button_size=&#8221;standard&#8221; left_right_padding=&#8221;0&#8243; button_align=&#8221;left&#8221; button_text=&#8221;ENQUIRE ABOUT PRODUCT&#8221; button_icon_class=&#8221;icon-empty&#8221; button_color=&#8221;rgb(255, 205, 5)&#8221; button_text_color=&#8221;#FFF&#8221; button_bg_hover_color=&#8221;#9b9b9b&#8221; button_hover_color=&#8221;#FFF&#8221; button_url=&#8221;mailto:info@plastex.co.mz&#8221; button_target=&#8221;_self&#8221; md_button_animation=&#8221;no&#8221;][\/md_button]<\/p>\n<p><\/p>","protected":false},"featured_media":644,"template":"","meta":[],"_links":{"self":[{"href":"https:\/\/plastex.co.mz\/pt\/wp-json\/wp\/v2\/product\/643"}],"collection":[{"href":"https:\/\/plastex.co.mz\/pt\/wp-json\/wp\/v2\/product"}],"about":[{"href":"https:\/\/plastex.co.mz\/pt\/wp-json\/wp\/v2\/types\/product"}],"wp:featuredmedia":[{"embeddable":true,"href":"https:\/\/plastex.co.mz\/pt\/wp-json\/wp\/v2\/media\/644"}],"wp:attachment":[{"href":"https:\/\/plastex.co.mz\/pt\/wp-json\/wp\/v2\/media?parent=643"}],"curies":[{"name":"wp","href":"https:\/\/api.w.org\/{rel}","templated":true}]}}