{"id":680,"date":"2019-08-14T16:02:36","date_gmt":"2019-08-14T14:02:36","guid":{"rendered":"https:\/\/coi-studios.com\/Plastex\/?post_type=product&#038;p=680"},"modified":"2019-10-23T11:39:41","modified_gmt":"2019-10-23T09:39:41","slug":"dustbin-220-litres","status":"publish","type":"product","link":"https:\/\/plastex.co.mz\/pt\/produto\/dustbin-220-litres\/","title":{"rendered":"Caixote de Lixo \u2013 220 Litros"},"content":{"rendered":"&#8211;","protected":false},"excerpt":{"rendered":"<p>Estes caixotes de lixo de polietileno de alta qualidade s\u00e3o, estabilizado contra raios UV, dur\u00e1veis  e fortes, mas leves e f\u00e1ceis de transportar.<\/p>\n<p>&nbsp;<\/p>\n<p>Dispon\u00edvel em v\u00e1rias cores<br \/><img decoding=\"async\" loading=\"lazy\" class=\"wp-image-2221 size-full alignleft\" src=\"http:\/\/plastex.co.mz\/wp-content\/uploads\/2019\/08\/ColorSwatchSmall_Blue.png\" alt=\"\" width=\"20\" height=\"20\" \/><img decoding=\"async\" loading=\"lazy\" class=\"wp-image-2220 size-full alignleft\" src=\"http:\/\/plastex.co.mz\/wp-content\/uploads\/2019\/08\/ColorSwatchSmall_Red.png\" alt=\"\" width=\"20\" height=\"20\" \/><img decoding=\"async\" loading=\"lazy\" class=\"wp-image-2250 size-full alignleft\" src=\"http:\/\/plastex.co.mz\/wp-content\/uploads\/2019\/09\/ColorSwatchSmall_Black.png\" alt=\"\" width=\"20\" height=\"20\" \/><img decoding=\"async\" loading=\"lazy\" class=\"wp-image-2222 size-full alignleft\" src=\"http:\/\/plastex.co.mz\/wp-content\/uploads\/2019\/08\/ColorSwatchSmall_Orange.png\" alt=\"\" width=\"20\" height=\"20\" \/><img decoding=\"async\" loading=\"lazy\" class=\"wp-image-2219 size-full alignleft\" src=\"http:\/\/plastex.co.mz\/wp-content\/uploads\/2019\/08\/ColorSwatchSmall_Green.png\" alt=\"\" width=\"20\" height=\"20\" \/><\/p>\n<p><\/p>\n<p style=\"font-size: 12px;\"><strong>Note:<\/strong> Podemos produzir, por encomenda, qualquer cor que n\u00e3o fa\u00e7a parte do cat\u00e1logo<\/p>\n<p>[md_button button_style=&#8221;fill-rectangle&#8221; button_size=&#8221;standard&#8221; left_right_padding=&#8221;0&#8243; button_align=&#8221;left&#8221; button_text=&#8221;ENQUIRE ABOUT PRODUCT&#8221; button_icon_class=&#8221;icon-empty&#8221; button_color=&#8221;rgb(255, 205, 5)&#8221; button_text_color=&#8221;#FFF&#8221; button_bg_hover_color=&#8221;#9b9b9b&#8221; button_hover_color=&#8221;#FFF&#8221; button_url=&#8221;mailto:info@plastex.co.mz&#8221; button_target=&#8221;_self&#8221; md_button_animation=&#8221;no&#8221;][\/md_button]<\/p>\n<p><\/p>","protected":false},"featured_media":2142,"template":"","meta":[],"_links":{"self":[{"href":"https:\/\/plastex.co.mz\/pt\/wp-json\/wp\/v2\/product\/680"}],"collection":[{"href":"https:\/\/plastex.co.mz\/pt\/wp-json\/wp\/v2\/product"}],"about":[{"href":"https:\/\/plastex.co.mz\/pt\/wp-json\/wp\/v2\/types\/product"}],"wp:featuredmedia":[{"embeddable":true,"href":"https:\/\/plastex.co.mz\/pt\/wp-json\/wp\/v2\/media\/2142"}],"wp:attachment":[{"href":"https:\/\/plastex.co.mz\/pt\/wp-json\/wp\/v2\/media?parent=680"}],"curies":[{"name":"wp","href":"https:\/\/api.w.org\/{rel}","templated":true}]}}